{"id":1330,"date":"2024-09-05T11:00:32","date_gmt":"2024-09-05T11:00:32","guid":{"rendered":"https:\/\/torres.eng.br\/?page_id=1330"},"modified":"2024-09-05T11:02:54","modified_gmt":"2024-09-05T11:02:54","slug":"politica-de-privacidade","status":"publish","type":"page","link":"https:\/\/torres.eng.br\/en\/politica-de-privacidade\/","title":{"rendered":"Privacy Policy"},"content":{"rendered":"<div data-elementor-type=\"wp-page\" data-elementor-id=\"1330\" class=\"elementor elementor-1330\" data-elementor-post-type=\"page\">\n\t\t\t\t<div class=\"elementor-element elementor-element-81b98b8 e-con-full e-flex e-con e-parent\" data-id=\"81b98b8\" data-element_type=\"container\" data-settings=\"{&quot;background_background&quot;:&quot;classic&quot;,&quot;background_motion_fx_motion_fx_mouse&quot;:&quot;yes&quot;,&quot;background_motion_fx_mouseTrack_effect&quot;:&quot;yes&quot;,&quot;background_motion_fx_mouseTrack_speed&quot;:{&quot;unit&quot;:&quot;px&quot;,&quot;size&quot;:0.3,&quot;sizes&quot;:[]}}\">\n\t\t<div class=\"elementor-element elementor-element-3a4cbf4 e-con-full e-flex e-con e-child\" data-id=\"3a4cbf4\" data-element_type=\"container\" data-settings=\"{&quot;background_background&quot;:&quot;classic&quot;}\">\n\t\t\t\t<div class=\"elementor-element elementor-element-4d593fe elementor-widget elementor-widget-heading\" data-id=\"4d593fe\" data-element_type=\"widget\" data-widget_type=\"heading.default\">\n\t\t\t\t<div class=\"elementor-widget-container\">\n\t\t\t<h1 class=\"elementor-heading-title elementor-size-default\">Privacy Policy<\/h1>\t\t<\/div>\n\t\t\t\t<\/div>\n\t\t\t\t<\/div>\n\t\t\t\t<\/div>\n\t\t<div class=\"elementor-element elementor-element-6ec2b65 e-flex e-con-boxed e-con e-parent\" data-id=\"6ec2b65\" data-element_type=\"container\">\n\t\t\t\t\t<div class=\"e-con-inner\">\n\t\t\t\t<div class=\"elementor-element elementor-element-5b309ea elementor-widget elementor-widget-text-editor\" data-id=\"5b309ea\" data-element_type=\"widget\" data-widget_type=\"text-editor.default\">\n\t\t\t\t<div class=\"elementor-widget-container\">\n\t\t\t\t\t\t\t<p>TORRES ENGENHARIA, as the data controller, respects your privacy and personal data and, in compliance with applicable laws, describes in this Privacy Policy how your information and personal data are handled, as well as your rights as a Data Subject. If you have any questions, our Data Protection Officer (DPO) is available to provide all necessary clarifications at the contact addresses provided at the end of this document.\u00a0<\/p><p>Your clear, express, and unequivocal consent to this Privacy Policy is given when you click \u201cI Agree,\u201d and it signifies that you consent to the processing of your personal data by TORRES ENGENHARIA and its potential partners.<\/p><p>Personal data may be shared with partners only in cases where you request a service that falls within those provided by TORRES ENGENHARIA on this website, and only with your express consent.\u00a0<\/p><p>In accordance with current legislation, TORRES ENGENHARIA and its partners shall share joint liability for the personal data disclosed, all in compliance with the General Data Protection Law \u2013 LGPD (Law No. 13,709\/2018).<\/p><p>We emphasize that TORRES ENGENHARIA is both a CONSTRUCTION COMPANY and a REAL ESTATE DEVELOPER.<\/p><h4><strong>1. What Personal Information Do We Collect?\u00a0<\/strong><\/h4><p>We collect only the personal information needed to deliver our services and products.\u00a0<\/p><p>Conforme legisla\u00e7\u00e3o aplic\u00e1vel, dado pessoal \u00e9 qualquer informa\u00e7\u00e3o que identifique uma pessoa ou permita a sua identifica\u00e7\u00e3o.<\/p><p>When you register on the website, we collect names, identification numbers, email addresses, phone numbers, IP addresses, and cookies (which will be further explained below).\u00a0<\/p><p>If we receive personal information through a partner, we collect your name, email address, phone number, and any other information provided.\u00a0<\/p><p>It is the partner\u2019s responsibility to prove that they are authorized to use the data entered into TORRES ENGENHARIA\u2019s platform, as it is always the Data Subject who must expressly authorize the use of their information.<\/p><p>If you access the website using third-party services, such as social media, TORRES ENGENHARIA will request the necessary permissions again and may use the information already authorized.<\/p><h4><strong>2. How We Collect Personal Information\u00a0<\/strong><\/h4><p>We collect personal information in several ways, primarily directly\u2014such as when you register on our website or use our services, including when you contact us by phone, video, or email.<\/p><p>We also collect information automatically when you use the website, gathering details about your browser and your activity. This information is collected through cookies, which we will explain further below.\u00a0<\/p><p>For the purposes described in this Privacy Policy, personal information may also be collected and updated from publicly available sources and based on information received from public authorities and third parties, in accordance with applicable laws and regulations.\u00a0<\/p><p>What allows us to collect your personal data is your consent, and for this purpose we must comply with the agreement we have with you, which is hereby recorded.<\/p><p>.<\/p><p>It is also our duty to protect your interests and personal data, which are of fundamental importance for complying with current legislation.<\/p><h4><strong>3. Why We Use Your Personal Data\u00a0<\/strong><\/h4><p>We process personal data to manage our relationship with you and to prepare, provide, and administer access to our products and services.\u00a0<\/p><p>Tamb\u00e9m podemos usar seus dados pessoais com a finalidade de fornecer servi\u00e7os adicionais, para conduzir pesquisas de clientes, an\u00e1lises de mercado, estat\u00edsticas e gerenciamento de risco e para sermos capazes de desenvolver e melhorar nossos produtos e servi\u00e7os. Podemos tamb\u00e9m, utilizar seus dados pessoais para enviar e-mails a respeito de novidades e ofertas, conforme seu consentimento expresso.<\/p><p>Tamb\u00e9m processamos seus dados pessoais para cumprir com obriga\u00e7\u00f5es legais ou regulat\u00f3rias em caso de requerimento do poder p\u00fablico.<\/p><h4><strong>4. Quem pode ter acesso aos seus dados pessoais\u00a0<\/strong><\/h4><p>Processamos os seus dados pessoais principalmente para o nosso pr\u00f3prio tratamento, mas em alguns casos podemos compartilhar os seus dados com parceiros.\u00a0<\/p><p>Terceirizamos nossas opera\u00e7\u00f5es de TI para um provedor de servi\u00e7os externo e seus dados pessoais s\u00e3o armazenados em nesses servidores.\u00a0<\/p><p>Se recebermos seus dados pessoais por meio de um parceiro, podemos compartilhar as informa\u00e7\u00f5es de volta com o parceiro nos casos em que voc\u00ea deu o seu expresso consentimento.\u00a0<\/p><p>Caso ocorra, a transfer\u00eancia internacional de dados pessoais somente \u00e9 realizada para pa\u00edses ou organismos internacionais que proporcionem grau de prote\u00e7\u00e3o de dados pessoais adequado ao previsto na legisla\u00e7\u00e3o brasileira.<\/p><p>Podemos armazenar dados pessoais em servidores localizados fora do territ\u00f3rio nacional. A TORRES ENGENHARIA envida todos os melhores esfor\u00e7os no sentido de preservar a privacidade dos dados dos seus usu\u00e1rios. O acesso a informa\u00e7\u00f5es pessoais \u00e9 restrito a servidores, parceiros e representantes da TORRES ENGENHARIA que necessitam saber essas informa\u00e7\u00f5es para process\u00e1-las. Todos os terceiros, parceiros e representantes com os quais a TORRES ENGENHARIA compartilha informa\u00e7\u00f5es est\u00e3o sujeitos a rigorosas obriga\u00e7\u00f5es de confidencialidade, podendo ser processados ou dispensados se deixarem de cumprir tais obriga\u00e7\u00f5es.\u00a0<\/p><p>Assim, voc\u00ea autoriza expressamente que os seus dados pessoais sejam armazenados de acordo com as regras dispostas nesta Pol\u00edtica.<\/p><h4><strong>5. Durante quanto tempo armazenamos os seus dados pessoais\u00a0<\/strong><\/h4><p>Todos os dados coletados pela TORRES ENGENHARIA por meio da plataforma, sistemas e aplicativos ser\u00e3o exclu\u00eddos de seus servidores quando tiverem cumprido a(s) finalidade(s) para a(s) qual(is) foram coletadas, ou quando o Titular solicitar a elimina\u00e7\u00e3o de seus dados pessoais.<\/p><p>Tratamos os seus dados pessoais durante o tempo necess\u00e1rio para o processamento dos servi\u00e7os dispon\u00edveis em nossa plataforma, o que depende, entre outras coisas, se existe uma rela\u00e7\u00e3o de presta\u00e7\u00e3o de servi\u00e7os entre a TORRES ENGENHARIA e voc\u00ea.\u00a0<\/p><p>O relacionamento com voc\u00ea surge quando alguma forma de contato por e-mail, telefone ou v\u00eddeo \u00e9 estabelecida com a TORRES ENGENHARIA, podendo ser tamb\u00e9m no preenchimento de um cadastro para receber informa\u00e7\u00f5es ou na aquisi\u00e7\u00e3o de um servi\u00e7o.\u00a0<\/p><p>H\u00e1 casos onde os dados poder\u00e3o ser armazenados para cumprimento de obriga\u00e7\u00e3o legal ou regulat\u00f3ria, transfer\u00eancia a terceiro \u2013 desde que respeitados os requisitos de tratamento de dados dispostos na legisla\u00e7\u00e3o aplic\u00e1vel.<\/p><h4><strong>6. Como protegemos seus dados pessoais<\/strong>\u00a0<\/h4><p>A prote\u00e7\u00e3o de seus dados pessoais \u00e9 de extrema import\u00e2ncia para n\u00f3s.\u00a0<\/p><p>Implementamos medidas t\u00e9cnicas e organizacionais adequadas para proteger os dados pessoais que voc\u00ea nos confiou contra acessos n\u00e3o autorizados, processamento ilegal ou divulga\u00e7\u00e3o de informa\u00e7\u00f5es, perda n\u00e3o intencional, altera\u00e7\u00e3o ou destrui\u00e7\u00e3o.\u00a0<\/p><p>Nossos funcion\u00e1rios t\u00eam instru\u00e7\u00f5es detalhadas sobre como os dados pessoais devem ser tratados para cumprir as leis e regulamentos atuais para prote\u00e7\u00e3o de dados pessoais, e apenas o pessoal autorizado tem acesso aos seus dados pessoais.\u00a0<\/p><p>Al\u00e9m disso, garantimos que seus dados pessoais est\u00e3o protegidos atrav\u00e9s do uso de firewalls e outros sistemas que detectam o uso n\u00e3o autorizado, altera\u00e7\u00e3o ou divulga\u00e7\u00e3o de seus dados pessoais.<\/p><h4><strong>7. Quais s\u00e3o os seus direitos<\/strong><\/h4><p>Como um cliente que utilizou nossos servi\u00e7os ou que esteja registrado em nossa plataforma, voc\u00ea tem direitos e total controle em rela\u00e7\u00e3o aos seus dados pessoais que est\u00e3o armazenados. Esses direitos significam que voc\u00ea pode a qualquer momento:\u00a0<\/p><p>\u2022 solicitar informa\u00e7\u00f5es sobre quais dados pessoais processamos sobre voc\u00ea e obter uma c\u00f3pia desses dados pessoais;<\/p><p>\u2022 solicitar a corre\u00e7\u00e3o de seus dados pessoais se forem insuficientes, incompletos ou incorretos;\u00a0<\/p><p>\u2022 solicitar que seus dados pessoais sejam exclu\u00eddos de nossa base;\u00a0<\/p><p>\u2022 solicitar que limitemos o processamento de seus dados pessoais;\u00a0<\/p><p>\u2022 n\u00e3o permitir determinado processamento de dados pessoais;<\/p><p>\u2022 requerer seus dados pessoais (somente os fornecidos por voc\u00ea), em um formato escrito ou eletr\u00f4nico.<\/p><p>Lembre-se que podemos negar seu pedido de exclus\u00e3o se houver obriga\u00e7\u00f5es legais que nos impe\u00e7am de excluir imediatamente certos dados pessoais. Essas obriga\u00e7\u00f5es podem ser decorrentes de legisla\u00e7\u00e3o cont\u00e1bil, tribut\u00e1ria e trabalhista ou de direito do consumidor. O tratamento \u00e9 necess\u00e1rio para que possamos obter ou disponibilizar informa\u00e7\u00f5es, fazer valer ou defender requerimentos legais.<\/p><p>Se n\u00e3o formos capazes de atender ao seu pedido de exclus\u00e3o devido aos motivos acima, bloquearemos todos os dados pessoais para outros fins que n\u00e3o os que impe\u00e7am a exclus\u00e3o solicitada. O acesso aos seus dados pessoais bloqueados ser\u00e1 estritamente limitado por n\u00f3s e s\u00f3 voc\u00ea ter\u00e1 a oportunidade de solicitar esses dados.\u00a0<\/p><h4><strong>8. Seu direito de enviar reclama\u00e7\u00f5es \u00e0 autoridade nacional\u200b\u200b<\/strong><\/h4><p>Queremos com esta Pol\u00edtica de Privacidade que voc\u00ea tenha total clareza e confian\u00e7a em como tratamos seus dados pessoais, mas se houver alguma d\u00favida, coment\u00e1rios e sugest\u00f5es, nos envie nos endere\u00e7os disponibilizados.\u00a0<\/p><p>Ainda, voc\u00ea tem o direito de apresentar uma reclama\u00e7\u00e3o para a Autoridade Nacional de Prote\u00e7\u00e3o de Dados Pessoais \u2013 ANPD, caso acredite que nosso processamento de dados pessoais viole os seus direitos e interesses de acordo com a legisla\u00e7\u00e3o aplic\u00e1vel.\u00a0<\/p><p><strong>9. Sobre esta pol\u00edtica de privacidade<\/strong><\/p><p>Nos reservamos o direito de atualizar, alterar e modificar esta Pol\u00edtica de Privacidade periodicamente.<\/p><h4><strong>10. Do consentimento\u00a0<\/strong><\/h4><p>Aqui apenas firmamos o nosso compromisso de sempre prestar a melhor informa\u00e7\u00e3o, com clareza e sempre acess\u00edvel aos nossos clientes e parceiros.<\/p><p>Ap\u00f3s a leitura deste documento, voc\u00ea concorda que a Pol\u00edtica de Privacidade da TORRES ENGENHARIA foi suficientemente descrita com clareza, cumprindo a TORRES ENGENHARIA com seu dever de informa\u00e7\u00e3o.<\/p><p>Assim, ao clicar em \u201cconcordo\u201d, \u201cpr\u00f3ximo passo\u201d ou bot\u00f5es de finaliza\u00e7\u00e3o quanto ao preenchimento de formul\u00e1rios em qualquer parte da nossa plataforma, voc\u00ea consente de maneira espont\u00e2nea e expressa com esta pol\u00edtica e aceita todas as suas disposi\u00e7\u00f5es.<\/p>\t\t\t\t\t\t<\/div>\n\t\t\t\t<\/div>\n\t\t\t\t\t<\/div>\n\t\t\t\t<\/div>\n\t\t\t\t<\/div>","protected":false},"excerpt":{"rendered":"<p>Pol\u00edtica de Privacidade A TORRES ENGENHARIA controladora dos dados, respeita a sua privacidade e seus dados pessoais e, em cumprimento \u00e0s leis em vigor, atrav\u00e9s desta Pol\u00edtica de Privacidade descreve como suas informa\u00e7\u00f5es e dados pessoais s\u00e3o tratados, bem como os seus direitos, como Titular. Em caso de qualquer d\u00favida, nosso Encarregado (Data Protection Officer) [&hellip;]<\/p>","protected":false},"author":1,"featured_media":0,"parent":0,"menu_order":0,"comment_status":"closed","ping_status":"closed","template":"","meta":{"_acf_changed":false,"footnotes":""},"class_list":["post-1330","page","type-page","status-publish","hentry"],"acf":[],"yoast_head":"<!-- This site is optimized with the Yoast SEO plugin v23.4 - https:\/\/yoast.com\/wordpress\/plugins\/seo\/ -->\n<title>Pol\u00edtica de Privacidade - Torres Engenharia<\/title>\n<meta name=\"robots\" content=\"index, follow, max-snippet:-1, max-image-preview:large, max-video-preview:-1\" \/>\n<link rel=\"canonical\" href=\"https:\/\/torres.eng.br\/en\/politica-de-privacidade\/\" \/>\n<meta property=\"og:locale\" content=\"en_US\" \/>\n<meta property=\"og:type\" content=\"article\" \/>\n<meta property=\"og:title\" content=\"Pol\u00edtica de Privacidade - Torres Engenharia\" \/>\n<meta property=\"og:description\" content=\"Pol\u00edtica de Privacidade A TORRES ENGENHARIA controladora dos dados, respeita a sua privacidade e seus dados pessoais e, em cumprimento \u00e0s leis em vigor, atrav\u00e9s desta Pol\u00edtica de Privacidade descreve como suas informa\u00e7\u00f5es e dados pessoais s\u00e3o tratados, bem como os seus direitos, como Titular. Em caso de qualquer d\u00favida, nosso Encarregado (Data Protection Officer) [&hellip;]\" \/>\n<meta property=\"og:url\" content=\"https:\/\/torres.eng.br\/en\/politica-de-privacidade\/\" \/>\n<meta property=\"og:site_name\" content=\"Torres Engenharia\" \/>\n<meta property=\"article:publisher\" content=\"https:\/\/www.facebook.com\/torresspoficial\" \/>\n<meta property=\"article:modified_time\" content=\"2024-09-05T11:02:54+00:00\" \/>\n<meta name=\"twitter:card\" content=\"summary_large_image\" \/>\n<meta name=\"twitter:label1\" content=\"Est. reading time\" \/>\n\t<meta name=\"twitter:data1\" content=\"8 minutes\" \/>\n<script type=\"application\/ld+json\" class=\"yoast-schema-graph\">{\"@context\":\"https:\/\/schema.org\",\"@graph\":[{\"@type\":\"WebPage\",\"@id\":\"https:\/\/torres.eng.br\/politica-de-privacidade\/\",\"url\":\"https:\/\/torres.eng.br\/politica-de-privacidade\/\",\"name\":\"Pol\u00edtica de Privacidade - Torres Engenharia\",\"isPartOf\":{\"@id\":\"https:\/\/torres.eng.br\/#website\"},\"datePublished\":\"2024-09-05T11:00:32+00:00\",\"dateModified\":\"2024-09-05T11:02:54+00:00\",\"breadcrumb\":{\"@id\":\"https:\/\/torres.eng.br\/politica-de-privacidade\/#breadcrumb\"},\"inLanguage\":\"en-US\",\"potentialAction\":[{\"@type\":\"ReadAction\",\"target\":[\"https:\/\/torres.eng.br\/politica-de-privacidade\/\"]}]},{\"@type\":\"BreadcrumbList\",\"@id\":\"https:\/\/torres.eng.br\/politica-de-privacidade\/#breadcrumb\",\"itemListElement\":[{\"@type\":\"ListItem\",\"position\":1,\"name\":\"In\u00edcio\",\"item\":\"https:\/\/torres.eng.br\/\"},{\"@type\":\"ListItem\",\"position\":2,\"name\":\"Pol\u00edtica de Privacidade\"}]},{\"@type\":\"WebSite\",\"@id\":\"https:\/\/torres.eng.br\/#website\",\"url\":\"https:\/\/torres.eng.br\/\",\"name\":\"Torres Engenharia\",\"description\":\"Qualidade e Compromisso do in&iacute;cio ao fim\",\"publisher\":{\"@id\":\"https:\/\/torres.eng.br\/#organization\"},\"potentialAction\":[{\"@type\":\"SearchAction\",\"target\":{\"@type\":\"EntryPoint\",\"urlTemplate\":\"https:\/\/torres.eng.br\/?s={search_term_string}\"},\"query-input\":{\"@type\":\"PropertyValueSpecification\",\"valueRequired\":true,\"valueName\":\"search_term_string\"}}],\"inLanguage\":\"en-US\"},{\"@type\":\"Organization\",\"@id\":\"https:\/\/torres.eng.br\/#organization\",\"name\":\"Torres Engenharia\",\"alternateName\":\"Torres Engenharia\",\"url\":\"https:\/\/torres.eng.br\/\",\"logo\":{\"@type\":\"ImageObject\",\"inLanguage\":\"en-US\",\"@id\":\"https:\/\/torres.eng.br\/#\/schema\/logo\/image\/\",\"url\":\"https:\/\/torres.eng.br\/wp-content\/uploads\/2024\/03\/Logotipo-Torres.webp\",\"contentUrl\":\"https:\/\/torres.eng.br\/wp-content\/uploads\/2024\/03\/Logotipo-Torres.webp\",\"width\":351,\"height\":110,\"caption\":\"Torres Engenharia\"},\"image\":{\"@id\":\"https:\/\/torres.eng.br\/#\/schema\/logo\/image\/\"},\"sameAs\":[\"https:\/\/www.facebook.com\/torresspoficial\",\"https:\/\/www.instagram.com\/torresincorporadora\/\",\"https:\/\/www.youtube.com\/@TorresConstrutora\"]}]}<\/script>\n<!-- \/ Yoast SEO plugin. -->","yoast_head_json":{"title":"Pol\u00edtica de Privacidade - Torres Engenharia","robots":{"index":"index","follow":"follow","max-snippet":"max-snippet:-1","max-image-preview":"max-image-preview:large","max-video-preview":"max-video-preview:-1"},"canonical":"https:\/\/torres.eng.br\/en\/politica-de-privacidade\/","og_locale":"en_US","og_type":"article","og_title":"Pol\u00edtica de Privacidade - Torres Engenharia","og_description":"Pol\u00edtica de Privacidade A TORRES ENGENHARIA controladora dos dados, respeita a sua privacidade e seus dados pessoais e, em cumprimento \u00e0s leis em vigor, atrav\u00e9s desta Pol\u00edtica de Privacidade descreve como suas informa\u00e7\u00f5es e dados pessoais s\u00e3o tratados, bem como os seus direitos, como Titular. Em caso de qualquer d\u00favida, nosso Encarregado (Data Protection Officer) [&hellip;]","og_url":"https:\/\/torres.eng.br\/en\/politica-de-privacidade\/","og_site_name":"Torres Engenharia","article_publisher":"https:\/\/www.facebook.com\/torresspoficial","article_modified_time":"2024-09-05T11:02:54+00:00","twitter_card":"summary_large_image","twitter_misc":{"Est. reading time":"8 minutes"},"schema":{"@context":"https:\/\/schema.org","@graph":[{"@type":"WebPage","@id":"https:\/\/torres.eng.br\/politica-de-privacidade\/","url":"https:\/\/torres.eng.br\/politica-de-privacidade\/","name":"Pol\u00edtica de Privacidade - Torres Engenharia","isPartOf":{"@id":"https:\/\/torres.eng.br\/#website"},"datePublished":"2024-09-05T11:00:32+00:00","dateModified":"2024-09-05T11:02:54+00:00","breadcrumb":{"@id":"https:\/\/torres.eng.br\/politica-de-privacidade\/#breadcrumb"},"inLanguage":"en-US","potentialAction":[{"@type":"ReadAction","target":["https:\/\/torres.eng.br\/politica-de-privacidade\/"]}]},{"@type":"BreadcrumbList","@id":"https:\/\/torres.eng.br\/politica-de-privacidade\/#breadcrumb","itemListElement":[{"@type":"ListItem","position":1,"name":"In\u00edcio","item":"https:\/\/torres.eng.br\/"},{"@type":"ListItem","position":2,"name":"Pol\u00edtica de Privacidade"}]},{"@type":"WebSite","@id":"https:\/\/torres.eng.br\/#website","url":"https:\/\/torres.eng.br\/","name":"Torres Engenharia","description":"Qualidade e Compromisso do in&iacute;cio ao fim","publisher":{"@id":"https:\/\/torres.eng.br\/#organization"},"potentialAction":[{"@type":"SearchAction","target":{"@type":"EntryPoint","urlTemplate":"https:\/\/torres.eng.br\/?s={search_term_string}"},"query-input":{"@type":"PropertyValueSpecification","valueRequired":true,"valueName":"search_term_string"}}],"inLanguage":"en-US"},{"@type":"Organization","@id":"https:\/\/torres.eng.br\/#organization","name":"Torres Engenharia","alternateName":"Torres Engenharia","url":"https:\/\/torres.eng.br\/","logo":{"@type":"ImageObject","inLanguage":"en-US","@id":"https:\/\/torres.eng.br\/#\/schema\/logo\/image\/","url":"https:\/\/torres.eng.br\/wp-content\/uploads\/2024\/03\/Logotipo-Torres.webp","contentUrl":"https:\/\/torres.eng.br\/wp-content\/uploads\/2024\/03\/Logotipo-Torres.webp","width":351,"height":110,"caption":"Torres Engenharia"},"image":{"@id":"https:\/\/torres.eng.br\/#\/schema\/logo\/image\/"},"sameAs":["https:\/\/www.facebook.com\/torresspoficial","https:\/\/www.instagram.com\/torresincorporadora\/","https:\/\/www.youtube.com\/@TorresConstrutora"]}]}},"_links":{"self":[{"href":"https:\/\/torres.eng.br\/en\/wp-json\/wp\/v2\/pages\/1330"}],"collection":[{"href":"https:\/\/torres.eng.br\/en\/wp-json\/wp\/v2\/pages"}],"about":[{"href":"https:\/\/torres.eng.br\/en\/wp-json\/wp\/v2\/types\/page"}],"author":[{"embeddable":true,"href":"https:\/\/torres.eng.br\/en\/wp-json\/wp\/v2\/users\/1"}],"replies":[{"embeddable":true,"href":"https:\/\/torres.eng.br\/en\/wp-json\/wp\/v2\/comments?post=1330"}],"version-history":[{"count":0,"href":"https:\/\/torres.eng.br\/en\/wp-json\/wp\/v2\/pages\/1330\/revisions"}],"wp:attachment":[{"href":"https:\/\/torres.eng.br\/en\/wp-json\/wp\/v2\/media?parent=1330"}],"curies":[{"name":"wp","href":"https:\/\/api.w.org\/{rel}","templated":true}]}}